{"id":39,"date":"2013-10-19T20:13:11","date_gmt":"2013-10-19T18:13:11","guid":{"rendered":"http:\/\/adochiteiadrianpfa.ro\/?page_id=39"},"modified":"2025-06-27T01:31:53","modified_gmt":"2025-06-26T23:31:53","slug":"prima-pagina","status":"publish","type":"page","link":"https:\/\/adochiteiadrianpfa.ro\/","title":{"rendered":"Prima Pagin\u0103"},"content":{"rendered":"\n\n\n\n<h2><span style=\"font-weight: normal;\">La \u00eenceput de drum sau \u00een plin\u0103 dezvoltare, orice afacere are nevoie de sprijinul potrivit \u0219i ai ajuns fix la locul potrivit! Te pot ajuta cu solu\u021bii integrate pentru start-up-uri \u0219i IMM-uri: consultan\u021b\u0103 pentru accesarea fondurilor nerambursabile, servicii de web design, SEO, marketing digital \u0219i social media management. Punem accent pe rezultate, comunicare clar\u0103 \u0219i parteneriate de durat\u0103. Hai s\u0103 construim \u00eempreun\u0103 viitorul afacerii tale!<\/span><\/h2>\n\n<h3><span style=\"font-weight: bolder; color: rgb(64, 64, 64); font-family: &quot;Segoe UI&quot;, Roboto, Oxygen-Sans, Ubuntu, Cantarell, &quot;Helvetica Neue&quot;, sans-serif; font-size: 16px; letter-spacing: normal; text-transform: none; text-decoration-style: initial;\"><span style=\"font-size: 14pt;\">servicii oferite:<\/span><\/span><\/h3>\n\n\n\n\n\n\n\n\n\n\n\n\n\n\n\n\n\n\n\n\n\n\n\n\n\n\n\n\n\n\n","protected":false},"excerpt":{"rendered":"","protected":false},"author":1,"featured_media":0,"parent":0,"menu_order":0,"comment_status":"closed","ping_status":"closed","template":"","meta":{"pagelayer_contact_templates":[],"_pagelayer_content":"","footnotes":""},"class_list":["post-39","page","type-page","status-publish","hentry"],"yoast_head":"<!-- This site is optimized with the Yoast SEO plugin v27.2 - https:\/\/yoast.com\/product\/yoast-seo-wordpress\/ -->\n<title>Prima Pagin\u0103 - Consultant fonduri europene<\/title>\n<meta name=\"robots\" content=\"index, follow, max-snippet:-1, max-image-preview:large, max-video-preview:-1\" \/>\n<link rel=\"canonical\" href=\"https:\/\/adochiteiadrianpfa.ro\/\" \/>\n<meta property=\"og:locale\" content=\"en_US\" \/>\n<meta property=\"og:type\" content=\"article\" \/>\n<meta property=\"og:title\" content=\"Prima Pagin\u0103 - Consultant fonduri europene\" \/>\n<meta property=\"og:url\" content=\"https:\/\/adochiteiadrianpfa.ro\/\" \/>\n<meta property=\"og:site_name\" content=\"Consultant fonduri europene\" \/>\n<meta property=\"article:modified_time\" content=\"2025-06-26T23:31:53+00:00\" \/>\n<meta name=\"twitter:card\" content=\"summary_large_image\" \/>\n<script type=\"application\/ld+json\" class=\"yoast-schema-graph\">{\"@context\":\"https:\/\/schema.org\",\"@graph\":[{\"@type\":\"WebPage\",\"@id\":\"https:\/\/adochiteiadrianpfa.ro\/\",\"url\":\"https:\/\/adochiteiadrianpfa.ro\/\",\"name\":\"Prima Pagin\u0103 - Consultant fonduri europene\",\"isPartOf\":{\"@id\":\"https:\/\/adochiteiadrianpfa.ro\/#website\"},\"datePublished\":\"2013-10-19T18:13:11+00:00\",\"dateModified\":\"2025-06-26T23:31:53+00:00\",\"breadcrumb\":{\"@id\":\"https:\/\/adochiteiadrianpfa.ro\/#breadcrumb\"},\"inLanguage\":\"en-US\",\"potentialAction\":[{\"@type\":\"ReadAction\",\"target\":[\"https:\/\/adochiteiadrianpfa.ro\/\"]}]},{\"@type\":\"BreadcrumbList\",\"@id\":\"https:\/\/adochiteiadrianpfa.ro\/#breadcrumb\",\"itemListElement\":[{\"@type\":\"ListItem\",\"position\":1,\"name\":\"Home\",\"item\":\"https:\/\/adochiteiadrianpfa.ro\/\"},{\"@type\":\"ListItem\",\"position\":2,\"name\":\"Prima Pagin\u0103\"}]},{\"@type\":\"WebSite\",\"@id\":\"https:\/\/adochiteiadrianpfa.ro\/#website\",\"url\":\"https:\/\/adochiteiadrianpfa.ro\/\",\"name\":\"Consultant fonduri europene\",\"description\":\"\",\"publisher\":{\"@id\":\"https:\/\/adochiteiadrianpfa.ro\/#organization\"},\"potentialAction\":[{\"@type\":\"SearchAction\",\"target\":{\"@type\":\"EntryPoint\",\"urlTemplate\":\"https:\/\/adochiteiadrianpfa.ro\/?s={search_term_string}\"},\"query-input\":{\"@type\":\"PropertyValueSpecification\",\"valueRequired\":true,\"valueName\":\"search_term_string\"}}],\"inLanguage\":\"en-US\"},{\"@type\":\"Organization\",\"@id\":\"https:\/\/adochiteiadrianpfa.ro\/#organization\",\"name\":\"Consultant fonduri europene\",\"url\":\"https:\/\/adochiteiadrianpfa.ro\/\",\"logo\":{\"@type\":\"ImageObject\",\"inLanguage\":\"en-US\",\"@id\":\"https:\/\/adochiteiadrianpfa.ro\/#\/schema\/logo\/image\/\",\"url\":\"https:\/\/adochiteiadrianpfa.ro\/wp-content\/uploads\/2025\/06\/cropped-AAD-PFA-LOGO-Web.png\",\"contentUrl\":\"https:\/\/adochiteiadrianpfa.ro\/wp-content\/uploads\/2025\/06\/cropped-AAD-PFA-LOGO-Web.png\",\"width\":115,\"height\":130,\"caption\":\"Consultant fonduri europene\"},\"image\":{\"@id\":\"https:\/\/adochiteiadrianpfa.ro\/#\/schema\/logo\/image\/\"}}]}<\/script>\n<!-- \/ Yoast SEO plugin. -->","yoast_head_json":{"title":"Prima Pagin\u0103 - Consultant fonduri europene","robots":{"index":"index","follow":"follow","max-snippet":"max-snippet:-1","max-image-preview":"max-image-preview:large","max-video-preview":"max-video-preview:-1"},"canonical":"https:\/\/adochiteiadrianpfa.ro\/","og_locale":"en_US","og_type":"article","og_title":"Prima Pagin\u0103 - Consultant fonduri europene","og_url":"https:\/\/adochiteiadrianpfa.ro\/","og_site_name":"Consultant fonduri europene","article_modified_time":"2025-06-26T23:31:53+00:00","twitter_card":"summary_large_image","schema":{"@context":"https:\/\/schema.org","@graph":[{"@type":"WebPage","@id":"https:\/\/adochiteiadrianpfa.ro\/","url":"https:\/\/adochiteiadrianpfa.ro\/","name":"Prima Pagin\u0103 - Consultant fonduri europene","isPartOf":{"@id":"https:\/\/adochiteiadrianpfa.ro\/#website"},"datePublished":"2013-10-19T18:13:11+00:00","dateModified":"2025-06-26T23:31:53+00:00","breadcrumb":{"@id":"https:\/\/adochiteiadrianpfa.ro\/#breadcrumb"},"inLanguage":"en-US","potentialAction":[{"@type":"ReadAction","target":["https:\/\/adochiteiadrianpfa.ro\/"]}]},{"@type":"BreadcrumbList","@id":"https:\/\/adochiteiadrianpfa.ro\/#breadcrumb","itemListElement":[{"@type":"ListItem","position":1,"name":"Home","item":"https:\/\/adochiteiadrianpfa.ro\/"},{"@type":"ListItem","position":2,"name":"Prima Pagin\u0103"}]},{"@type":"WebSite","@id":"https:\/\/adochiteiadrianpfa.ro\/#website","url":"https:\/\/adochiteiadrianpfa.ro\/","name":"Consultant fonduri europene","description":"","publisher":{"@id":"https:\/\/adochiteiadrianpfa.ro\/#organization"},"potentialAction":[{"@type":"SearchAction","target":{"@type":"EntryPoint","urlTemplate":"https:\/\/adochiteiadrianpfa.ro\/?s={search_term_string}"},"query-input":{"@type":"PropertyValueSpecification","valueRequired":true,"valueName":"search_term_string"}}],"inLanguage":"en-US"},{"@type":"Organization","@id":"https:\/\/adochiteiadrianpfa.ro\/#organization","name":"Consultant fonduri europene","url":"https:\/\/adochiteiadrianpfa.ro\/","logo":{"@type":"ImageObject","inLanguage":"en-US","@id":"https:\/\/adochiteiadrianpfa.ro\/#\/schema\/logo\/image\/","url":"https:\/\/adochiteiadrianpfa.ro\/wp-content\/uploads\/2025\/06\/cropped-AAD-PFA-LOGO-Web.png","contentUrl":"https:\/\/adochiteiadrianpfa.ro\/wp-content\/uploads\/2025\/06\/cropped-AAD-PFA-LOGO-Web.png","width":115,"height":130,"caption":"Consultant fonduri europene"},"image":{"@id":"https:\/\/adochiteiadrianpfa.ro\/#\/schema\/logo\/image\/"}}]}},"_links":{"self":[{"href":"https:\/\/adochiteiadrianpfa.ro\/index.php?rest_route=\/wp\/v2\/pages\/39","targetHints":{"allow":["GET"]}}],"collection":[{"href":"https:\/\/adochiteiadrianpfa.ro\/index.php?rest_route=\/wp\/v2\/pages"}],"about":[{"href":"https:\/\/adochiteiadrianpfa.ro\/index.php?rest_route=\/wp\/v2\/types\/page"}],"author":[{"embeddable":true,"href":"https:\/\/adochiteiadrianpfa.ro\/index.php?rest_route=\/wp\/v2\/users\/1"}],"replies":[{"embeddable":true,"href":"https:\/\/adochiteiadrianpfa.ro\/index.php?rest_route=%2Fwp%2Fv2%2Fcomments&post=39"}],"version-history":[{"count":128,"href":"https:\/\/adochiteiadrianpfa.ro\/index.php?rest_route=\/wp\/v2\/pages\/39\/revisions"}],"predecessor-version":[{"id":1493,"href":"https:\/\/adochiteiadrianpfa.ro\/index.php?rest_route=\/wp\/v2\/pages\/39\/revisions\/1493"}],"wp:attachment":[{"href":"https:\/\/adochiteiadrianpfa.ro\/index.php?rest_route=%2Fwp%2Fv2%2Fmedia&parent=39"}],"curies":[{"name":"wp","href":"https:\/\/api.w.org\/{rel}","templated":true}]}}