{"id":36,"date":"2013-10-19T18:05:44","date_gmt":"2013-10-19T18:05:44","guid":{"rendered":"http:\/\/adochiteiadrianpfa.ro\/?page_id=36"},"modified":"2017-05-06T14:13:16","modified_gmt":"2017-05-06T12:13:16","slug":"contact-2","status":"publish","type":"page","link":"https:\/\/adochiteiadrianpfa.ro\/?page_id=36","title":{"rendered":"Contact"},"content":{"rendered":"<p>Adochi\u021bei Adrian Daniel PFA<\/p>\n<p>CUI:31668868\/21.05.2013<\/p>\n<p>F20\/633\/21.05.2013<\/p>\n<h1 style=\"padding-left: 90px;\"><span style=\"font-size: 32px;\">DATE DE CONTACT<\/span><\/h1>\n<table class=\" alignleft\" border=\"0\" align=\"center\">\n<tbody>\n<tr>\n<td><span style=\"font-size: 18px;\">Adresa sediu social:<\/span><\/td>\n<td><span style=\"font-size: 18px;\">Independen\u021bei, nr.25\/2 Petrila, CP. 335800<\/span><\/td>\n<td rowspan=\"9\" valign=\"top\"><a href=\"http:\/\/adochiteiadrianpfa.ro\/wp-content\/uploads\/2013\/10\/contact.png\"><span style=\"font-size: 18px;\"><img loading=\"lazy\" decoding=\"async\" class=\"aligncenter wp-image-209\" style=\"color: #888888; font-family: Arial, Tahoma, Verdana, sans-serif; font-size: 12.222222328186035px; line-height: 20px; text-align: center; border: 0px; margin: 0px;\" src=\"http:\/\/adochiteiadrianpfa.ro\/wp-content\/uploads\/2013\/10\/contact.png\" alt=\"contact\" width=\"366\" height=\"206\" srcset=\"https:\/\/adochiteiadrianpfa.ro\/wp-content\/uploads\/2013\/10\/contact.png 1037w, https:\/\/adochiteiadrianpfa.ro\/wp-content\/uploads\/2013\/10\/contact-300x168.png 300w, https:\/\/adochiteiadrianpfa.ro\/wp-content\/uploads\/2013\/10\/contact-1024x576.png 1024w\" sizes=\"auto, (max-width: 366px) 100vw, 366px\" \/><\/span><\/a><\/td>\n<\/tr>\n<tr>\n<td><\/td>\n<td><span style=\"font-size: 18px;\">jude\u021bul Hunedoara<\/span><\/td>\n<\/tr>\n<tr>\n<td><span style=\"font-size: 18px;\">Telefon:<\/span><\/td>\n<td><span style=\"font-size: 18px;\">0720.052.841<\/span><\/td>\n<\/tr>\n<tr>\n<td><span style=\"font-size: 18px;\">E-mail:<\/span><\/td>\n<td>\u00a0<span style=\"font-size: 14pt;\"><a href=\"mailto:office@adochiteiadrianpfa.ro\" target=\"_blank\">office@adochiteiadrianpfa.ro<\/a><\/span><\/td>\n<\/tr>\n<tr>\n<td><\/td>\n<td><span style=\"font-size: 18px;\"><a href=\"mailto:adi.adochitei@gmail.com\">adi.adochitei@gmail.com<\/a><\/span><\/td>\n<\/tr>\n<tr>\n<td><span style=\"font-size: 18px;\">Website:<\/span><\/td>\n<td><a href=\"http:\/\/adochiteiadrianpfa.ro\/\"><span style=\"font-size: 18px;\">www.adochiteiadrianpfa.ro<\/span><\/a><\/td>\n<\/tr>\n<tr>\n<td><\/td>\n<td><a href=\"http:\/\/adivisa.com\"><span style=\"font-size: 18px;\">www.adivisa.com<\/span><\/a><\/td>\n<\/tr>\n<tr>\n<td><\/td>\n<td><span style=\"font-size: 18px;\"><strong>Persoan\u0103 de contact:<\/strong><\/span><\/td>\n<\/tr>\n<tr>\n<td><\/td>\n<td><strong><span style=\"font-size: 18px;\">\u00a0<\/span><\/strong><strong><span style=\"font-size: 18px;\">ing. Adochi\u021bei Adrian<\/span><\/strong><\/td>\n<\/tr>\n<\/tbody>\n<\/table>\n<p style=\"text-align: left;\"><span style=\"font-size: 16px;\"><strong>\u00a0\u00a0\u00a0\u00a0<\/strong><\/span><\/p>\n<p style=\"text-align: center;\"><span style=\"font-size: 16px;\">Pentru orice detalii\/\u00eentreb\u0103ri v\u0103 rog s\u0103 m\u0103 contacta\u021bi folosind datele de contact de mai sus.<\/span><\/p>\n","protected":false},"excerpt":{"rendered":"<p>Adochi\u021bei Adrian Daniel PFA CUI:31668868\/21.05.2013 F20\/633\/21.05.2013 DATE DE CONTACT Adresa sediu social: Independen\u021bei, nr.25\/2 Petrila, CP. 335800 jude\u021bul Hunedoara Telefon: 0720.052.841 E-mail: \u00a0office@adochiteiadrianpfa.ro adi.adochitei@gmail.com Website: www.adochiteiadrianpfa.ro www.adivisa.com Persoan\u0103 de contact: \u00a0ing. Adochi\u021bei Adrian \u00a0\u00a0\u00a0\u00a0 Pentru orice detalii\/\u00eentreb\u0103ri v\u0103 rog s\u0103 m\u0103 contacta\u021bi folosind datele de contact de mai sus.<\/p>\n","protected":false},"author":1,"featured_media":0,"parent":0,"menu_order":5,"comment_status":"closed","ping_status":"closed","template":"","meta":{"pagelayer_contact_templates":[],"_pagelayer_content":"","footnotes":""},"class_list":["post-36","page","type-page","status-publish","hentry"],"yoast_head":"<!-- This site is optimized with the Yoast SEO plugin v27.2 - https:\/\/yoast.com\/product\/yoast-seo-wordpress\/ -->\n<title>Contact - Consultant fonduri europene<\/title>\n<meta name=\"robots\" content=\"index, follow, max-snippet:-1, max-image-preview:large, max-video-preview:-1\" \/>\n<link rel=\"canonical\" href=\"https:\/\/adochiteiadrianpfa.ro\/?page_id=36\" \/>\n<meta property=\"og:locale\" content=\"en_US\" \/>\n<meta property=\"og:type\" content=\"article\" \/>\n<meta property=\"og:title\" content=\"Contact - Consultant fonduri europene\" \/>\n<meta property=\"og:description\" content=\"Adochi\u021bei Adrian Daniel PFA CUI:31668868\/21.05.2013 F20\/633\/21.05.2013 DATE DE CONTACT Adresa sediu social: Independen\u021bei, nr.25\/2 Petrila, CP. 335800 jude\u021bul Hunedoara Telefon: 0720.052.841 E-mail: \u00a0office@adochiteiadrianpfa.ro adi.adochitei@gmail.com Website: www.adochiteiadrianpfa.ro www.adivisa.com Persoan\u0103 de contact: \u00a0ing. Adochi\u021bei Adrian \u00a0\u00a0\u00a0\u00a0 Pentru orice detalii\/\u00eentreb\u0103ri v\u0103 rog s\u0103 m\u0103 contacta\u021bi folosind datele de contact de mai sus.\" \/>\n<meta property=\"og:url\" content=\"https:\/\/adochiteiadrianpfa.ro\/?page_id=36\" \/>\n<meta property=\"og:site_name\" content=\"Consultant fonduri europene\" \/>\n<meta property=\"article:modified_time\" content=\"2017-05-06T12:13:16+00:00\" \/>\n<meta property=\"og:image\" content=\"https:\/\/adochiteiadrianpfa.ro\/wp-content\/uploads\/2013\/10\/contact.png\" \/>\n\t<meta property=\"og:image:width\" content=\"1037\" \/>\n\t<meta property=\"og:image:height\" content=\"584\" \/>\n\t<meta property=\"og:image:type\" content=\"image\/png\" \/>\n<meta name=\"twitter:card\" content=\"summary_large_image\" \/>\n<script type=\"application\/ld+json\" class=\"yoast-schema-graph\">{\"@context\":\"https:\/\/schema.org\",\"@graph\":[{\"@type\":\"WebPage\",\"@id\":\"https:\/\/adochiteiadrianpfa.ro\/?page_id=36\",\"url\":\"https:\/\/adochiteiadrianpfa.ro\/?page_id=36\",\"name\":\"Contact - Consultant fonduri europene\",\"isPartOf\":{\"@id\":\"https:\/\/adochiteiadrianpfa.ro\/#website\"},\"primaryImageOfPage\":{\"@id\":\"https:\/\/adochiteiadrianpfa.ro\/?page_id=36#primaryimage\"},\"image\":{\"@id\":\"https:\/\/adochiteiadrianpfa.ro\/?page_id=36#primaryimage\"},\"thumbnailUrl\":\"http:\/\/adochiteiadrianpfa.ro\/wp-content\/uploads\/2013\/10\/contact.png\",\"datePublished\":\"2013-10-19T18:05:44+00:00\",\"dateModified\":\"2017-05-06T12:13:16+00:00\",\"breadcrumb\":{\"@id\":\"https:\/\/adochiteiadrianpfa.ro\/?page_id=36#breadcrumb\"},\"inLanguage\":\"en-US\",\"potentialAction\":[{\"@type\":\"ReadAction\",\"target\":[\"https:\/\/adochiteiadrianpfa.ro\/?page_id=36\"]}]},{\"@type\":\"ImageObject\",\"inLanguage\":\"en-US\",\"@id\":\"https:\/\/adochiteiadrianpfa.ro\/?page_id=36#primaryimage\",\"url\":\"https:\/\/adochiteiadrianpfa.ro\/wp-content\/uploads\/2013\/10\/contact.png\",\"contentUrl\":\"https:\/\/adochiteiadrianpfa.ro\/wp-content\/uploads\/2013\/10\/contact.png\",\"width\":1037,\"height\":584},{\"@type\":\"BreadcrumbList\",\"@id\":\"https:\/\/adochiteiadrianpfa.ro\/?page_id=36#breadcrumb\",\"itemListElement\":[{\"@type\":\"ListItem\",\"position\":1,\"name\":\"Home\",\"item\":\"https:\/\/adochiteiadrianpfa.ro\/\"},{\"@type\":\"ListItem\",\"position\":2,\"name\":\"Contact\"}]},{\"@type\":\"WebSite\",\"@id\":\"https:\/\/adochiteiadrianpfa.ro\/#website\",\"url\":\"https:\/\/adochiteiadrianpfa.ro\/\",\"name\":\"Consultant fonduri europene\",\"description\":\"\",\"publisher\":{\"@id\":\"https:\/\/adochiteiadrianpfa.ro\/#organization\"},\"potentialAction\":[{\"@type\":\"SearchAction\",\"target\":{\"@type\":\"EntryPoint\",\"urlTemplate\":\"https:\/\/adochiteiadrianpfa.ro\/?s={search_term_string}\"},\"query-input\":{\"@type\":\"PropertyValueSpecification\",\"valueRequired\":true,\"valueName\":\"search_term_string\"}}],\"inLanguage\":\"en-US\"},{\"@type\":\"Organization\",\"@id\":\"https:\/\/adochiteiadrianpfa.ro\/#organization\",\"name\":\"Consultant fonduri europene\",\"url\":\"https:\/\/adochiteiadrianpfa.ro\/\",\"logo\":{\"@type\":\"ImageObject\",\"inLanguage\":\"en-US\",\"@id\":\"https:\/\/adochiteiadrianpfa.ro\/#\/schema\/logo\/image\/\",\"url\":\"https:\/\/adochiteiadrianpfa.ro\/wp-content\/uploads\/2025\/06\/cropped-AAD-PFA-LOGO-Web.png\",\"contentUrl\":\"https:\/\/adochiteiadrianpfa.ro\/wp-content\/uploads\/2025\/06\/cropped-AAD-PFA-LOGO-Web.png\",\"width\":115,\"height\":130,\"caption\":\"Consultant fonduri europene\"},\"image\":{\"@id\":\"https:\/\/adochiteiadrianpfa.ro\/#\/schema\/logo\/image\/\"}}]}<\/script>\n<!-- \/ Yoast SEO plugin. -->","yoast_head_json":{"title":"Contact - Consultant fonduri europene","robots":{"index":"index","follow":"follow","max-snippet":"max-snippet:-1","max-image-preview":"max-image-preview:large","max-video-preview":"max-video-preview:-1"},"canonical":"https:\/\/adochiteiadrianpfa.ro\/?page_id=36","og_locale":"en_US","og_type":"article","og_title":"Contact - Consultant fonduri europene","og_description":"Adochi\u021bei Adrian Daniel PFA CUI:31668868\/21.05.2013 F20\/633\/21.05.2013 DATE DE CONTACT Adresa sediu social: Independen\u021bei, nr.25\/2 Petrila, CP. 335800 jude\u021bul Hunedoara Telefon: 0720.052.841 E-mail: \u00a0office@adochiteiadrianpfa.ro adi.adochitei@gmail.com Website: www.adochiteiadrianpfa.ro www.adivisa.com Persoan\u0103 de contact: \u00a0ing. Adochi\u021bei Adrian \u00a0\u00a0\u00a0\u00a0 Pentru orice detalii\/\u00eentreb\u0103ri v\u0103 rog s\u0103 m\u0103 contacta\u021bi folosind datele de contact de mai sus.","og_url":"https:\/\/adochiteiadrianpfa.ro\/?page_id=36","og_site_name":"Consultant fonduri europene","article_modified_time":"2017-05-06T12:13:16+00:00","og_image":[{"width":1037,"height":584,"url":"https:\/\/adochiteiadrianpfa.ro\/wp-content\/uploads\/2013\/10\/contact.png","type":"image\/png"}],"twitter_card":"summary_large_image","schema":{"@context":"https:\/\/schema.org","@graph":[{"@type":"WebPage","@id":"https:\/\/adochiteiadrianpfa.ro\/?page_id=36","url":"https:\/\/adochiteiadrianpfa.ro\/?page_id=36","name":"Contact - Consultant fonduri europene","isPartOf":{"@id":"https:\/\/adochiteiadrianpfa.ro\/#website"},"primaryImageOfPage":{"@id":"https:\/\/adochiteiadrianpfa.ro\/?page_id=36#primaryimage"},"image":{"@id":"https:\/\/adochiteiadrianpfa.ro\/?page_id=36#primaryimage"},"thumbnailUrl":"http:\/\/adochiteiadrianpfa.ro\/wp-content\/uploads\/2013\/10\/contact.png","datePublished":"2013-10-19T18:05:44+00:00","dateModified":"2017-05-06T12:13:16+00:00","breadcrumb":{"@id":"https:\/\/adochiteiadrianpfa.ro\/?page_id=36#breadcrumb"},"inLanguage":"en-US","potentialAction":[{"@type":"ReadAction","target":["https:\/\/adochiteiadrianpfa.ro\/?page_id=36"]}]},{"@type":"ImageObject","inLanguage":"en-US","@id":"https:\/\/adochiteiadrianpfa.ro\/?page_id=36#primaryimage","url":"https:\/\/adochiteiadrianpfa.ro\/wp-content\/uploads\/2013\/10\/contact.png","contentUrl":"https:\/\/adochiteiadrianpfa.ro\/wp-content\/uploads\/2013\/10\/contact.png","width":1037,"height":584},{"@type":"BreadcrumbList","@id":"https:\/\/adochiteiadrianpfa.ro\/?page_id=36#breadcrumb","itemListElement":[{"@type":"ListItem","position":1,"name":"Home","item":"https:\/\/adochiteiadrianpfa.ro\/"},{"@type":"ListItem","position":2,"name":"Contact"}]},{"@type":"WebSite","@id":"https:\/\/adochiteiadrianpfa.ro\/#website","url":"https:\/\/adochiteiadrianpfa.ro\/","name":"Consultant fonduri europene","description":"","publisher":{"@id":"https:\/\/adochiteiadrianpfa.ro\/#organization"},"potentialAction":[{"@type":"SearchAction","target":{"@type":"EntryPoint","urlTemplate":"https:\/\/adochiteiadrianpfa.ro\/?s={search_term_string}"},"query-input":{"@type":"PropertyValueSpecification","valueRequired":true,"valueName":"search_term_string"}}],"inLanguage":"en-US"},{"@type":"Organization","@id":"https:\/\/adochiteiadrianpfa.ro\/#organization","name":"Consultant fonduri europene","url":"https:\/\/adochiteiadrianpfa.ro\/","logo":{"@type":"ImageObject","inLanguage":"en-US","@id":"https:\/\/adochiteiadrianpfa.ro\/#\/schema\/logo\/image\/","url":"https:\/\/adochiteiadrianpfa.ro\/wp-content\/uploads\/2025\/06\/cropped-AAD-PFA-LOGO-Web.png","contentUrl":"https:\/\/adochiteiadrianpfa.ro\/wp-content\/uploads\/2025\/06\/cropped-AAD-PFA-LOGO-Web.png","width":115,"height":130,"caption":"Consultant fonduri europene"},"image":{"@id":"https:\/\/adochiteiadrianpfa.ro\/#\/schema\/logo\/image\/"}}]}},"_links":{"self":[{"href":"https:\/\/adochiteiadrianpfa.ro\/index.php?rest_route=\/wp\/v2\/pages\/36","targetHints":{"allow":["GET"]}}],"collection":[{"href":"https:\/\/adochiteiadrianpfa.ro\/index.php?rest_route=\/wp\/v2\/pages"}],"about":[{"href":"https:\/\/adochiteiadrianpfa.ro\/index.php?rest_route=\/wp\/v2\/types\/page"}],"author":[{"embeddable":true,"href":"https:\/\/adochiteiadrianpfa.ro\/index.php?rest_route=\/wp\/v2\/users\/1"}],"replies":[{"embeddable":true,"href":"https:\/\/adochiteiadrianpfa.ro\/index.php?rest_route=%2Fwp%2Fv2%2Fcomments&post=36"}],"version-history":[{"count":75,"href":"https:\/\/adochiteiadrianpfa.ro\/index.php?rest_route=\/wp\/v2\/pages\/36\/revisions"}],"predecessor-version":[{"id":1076,"href":"https:\/\/adochiteiadrianpfa.ro\/index.php?rest_route=\/wp\/v2\/pages\/36\/revisions\/1076"}],"wp:attachment":[{"href":"https:\/\/adochiteiadrianpfa.ro\/index.php?rest_route=%2Fwp%2Fv2%2Fmedia&parent=36"}],"curies":[{"name":"wp","href":"https:\/\/api.w.org\/{rel}","templated":true}]}}