{"id":25,"date":"2013-10-19T18:03:34","date_gmt":"2013-10-19T16:03:34","guid":{"rendered":"http:\/\/adochiteiadrianpfa.ro\/?page_id=25"},"modified":"2025-06-27T01:27:25","modified_gmt":"2025-06-26T23:27:25","slug":"despre","status":"publish","type":"page","link":"https:\/\/adochiteiadrianpfa.ro\/?page_id=25","title":{"rendered":"Despre"},"content":{"rendered":"\n\n\n<p style=\"text-align: justify;\"><span style=\"background-color: transparent;\">Numele meu este Adrian Daniel&nbsp;<\/span><span style=\"background-color: transparent;\">Adochi\u021bei<\/span><span style=\"background-color: transparent; font-weight: bolder;\">,&nbsp;<\/span><span style=\"background-color: transparent;\">de profesie inginer<\/span><span style=\"background-color: transparent; font-weight: bolder;\">,&nbsp;<\/span><span style=\"background-color: transparent;\">&nbsp;absolvent al Facult\u0103\u021bii de Inginerie Mecanic\u0103 \u0219i Electric\u0103 a Universit\u0103\u021bii Tehnic\u0103 Petro\u0219ani, Specializarea: \u201e<\/span><span style=\"background-color: transparent;\">\u0218tiin\u021ba Sistemelor \u0219i a Calculatoarelor<\/span><span style=\"background-color: transparent;\">\u201d Sec\u021bia:&nbsp;<\/span><em style=\"background-color: transparent;\">\u201e<\/em><span style=\"background-color: transparent;\">Automatic\u0103-Informatic\u0103 aplicat\u0103<em style=\"font-weight: bolder;\">\u201d<\/em><\/span><span style=\"background-color: transparent;\">&nbsp;(2000 \u2013 2005).<\/span><\/p><p style=\"text-align: justify;\">Din anul 2006 p\u00e2n\u0103 \u00een iunie 2012 am lucrat ca \u0219i angajat, pe postul de consultant \u00een management, pentru accesarea \u0219i implementarea fondurilor nerambursabile (Fonduri UE &#8211; fonduri structurale, ajutoare de stat, granturi, etc).<\/p><p style=\"text-align: justify;\">\u00cen cei \u0219ase ani de munc\u0103 am dob\u00e2ndit o mare experien\u021b\u0103 \u00een acest domeniu al acces\u0103rii fondurilor nerambursabile \u0219i av\u00e2nd cuno\u0219tin\u021be solide \u00een domeniul IT \u0219i webdesign, am decis \u00een anul 2013 s\u0103 m\u0103 autorizez ca persoan\u0103 fizic\u0103 autorizat\u0103.&nbsp; Din 2013 \u0219i p\u00e2n\u0103 acum, am scris an de an proiecte de finan\u021bare, majoritatea admise \u0219i cu implementarea finalizat\u0103, pe diverse programe cum ar fi: SRL-D, Comer\u021b \u0219i Servicii, Microindustrializare, Interna\u021bionalizare, Start-up Nation, Start-up Plus din cadrul POCU, M\u0103surile 1 \u0219i 2 granturi din perioada Co-vid 19, Innotech Student, etc. <\/p>\n<p style=\"text-align: justify;\">De asemenea, \u00een acest timp am realizat website-uri de prezentare \u0219i magazine on-line, pe platforma WordPress, pentru diver\u0219i clien\u021bi din \u021bar\u0103 sau str\u0103in\u0103tate, oferind \u0219i servicii de administrare \u0219i mentenan\u021b\u0103, pe baz\u0103 de abonament lunar.<\/p><p style=\"text-align: justify;\">Din anul 2017 am autorizat \u0219i codul CAEN 7311, put\u00e2nd astfel s\u0103 ofer \u0219i&nbsp;servicii de publicitate si de promovare on-line, pentru website-urile realizate, administrare \u0219i promovare pagini de facebook, etc.<\/p>\n<p>\u00cen 2019 am accesat \u0219i ob\u021binut fonduri europene prin programul Start-ul Plus, prin care am \u00eenfiin\u021bat o societate comercial\u0103 de tip SRL.<\/p>\n<p style=\"text-align: justify;\"><span style=\"font-weight: bolder;\">Adochi\u021bei Adrian Daniel PFA<\/span>&nbsp;(nepl\u0103titor de TVA) a fost \u00eenregistrat la Registrul Comer\u021bului \u00een luna mai 2013, av\u00e2nd&nbsp;ca obiect principal de activitate codul CAEN&nbsp;7022 &#8211; Activit\u0103\u021bi de consultan\u021b\u0103 pentru afaceri \u0219i management.<\/p>\n\n\n","protected":false},"excerpt":{"rendered":"","protected":false},"author":1,"featured_media":0,"parent":0,"menu_order":1,"comment_status":"closed","ping_status":"closed","template":"","meta":{"pagelayer_contact_templates":[],"_pagelayer_content":"","footnotes":""},"class_list":["post-25","page","type-page","status-publish","hentry"],"yoast_head":"<!-- This site is optimized with the Yoast SEO plugin v27.2 - https:\/\/yoast.com\/product\/yoast-seo-wordpress\/ -->\n<title>Despre - Consultant fonduri europene<\/title>\n<meta name=\"robots\" content=\"index, follow, max-snippet:-1, max-image-preview:large, max-video-preview:-1\" \/>\n<link rel=\"canonical\" href=\"https:\/\/adochiteiadrianpfa.ro\/?page_id=25\" \/>\n<meta property=\"og:locale\" content=\"en_US\" \/>\n<meta property=\"og:type\" content=\"article\" \/>\n<meta property=\"og:title\" content=\"Despre - Consultant fonduri europene\" \/>\n<meta property=\"og:url\" content=\"https:\/\/adochiteiadrianpfa.ro\/?page_id=25\" \/>\n<meta property=\"og:site_name\" content=\"Consultant fonduri europene\" \/>\n<meta property=\"article:modified_time\" content=\"2025-06-26T23:27:25+00:00\" \/>\n<meta name=\"twitter:card\" content=\"summary_large_image\" \/>\n<meta name=\"twitter:label1\" content=\"Est. reading time\" \/>\n\t<meta name=\"twitter:data1\" content=\"2 minutes\" \/>\n<script type=\"application\/ld+json\" class=\"yoast-schema-graph\">{\"@context\":\"https:\/\/schema.org\",\"@graph\":[{\"@type\":\"WebPage\",\"@id\":\"https:\/\/adochiteiadrianpfa.ro\/?page_id=25\",\"url\":\"https:\/\/adochiteiadrianpfa.ro\/?page_id=25\",\"name\":\"Despre - Consultant fonduri europene\",\"isPartOf\":{\"@id\":\"https:\/\/adochiteiadrianpfa.ro\/#website\"},\"datePublished\":\"2013-10-19T16:03:34+00:00\",\"dateModified\":\"2025-06-26T23:27:25+00:00\",\"breadcrumb\":{\"@id\":\"https:\/\/adochiteiadrianpfa.ro\/?page_id=25#breadcrumb\"},\"inLanguage\":\"en-US\",\"potentialAction\":[{\"@type\":\"ReadAction\",\"target\":[\"https:\/\/adochiteiadrianpfa.ro\/?page_id=25\"]}]},{\"@type\":\"BreadcrumbList\",\"@id\":\"https:\/\/adochiteiadrianpfa.ro\/?page_id=25#breadcrumb\",\"itemListElement\":[{\"@type\":\"ListItem\",\"position\":1,\"name\":\"Home\",\"item\":\"https:\/\/adochiteiadrianpfa.ro\/\"},{\"@type\":\"ListItem\",\"position\":2,\"name\":\"Despre\"}]},{\"@type\":\"WebSite\",\"@id\":\"https:\/\/adochiteiadrianpfa.ro\/#website\",\"url\":\"https:\/\/adochiteiadrianpfa.ro\/\",\"name\":\"Consultant fonduri europene\",\"description\":\"\",\"publisher\":{\"@id\":\"https:\/\/adochiteiadrianpfa.ro\/#organization\"},\"potentialAction\":[{\"@type\":\"SearchAction\",\"target\":{\"@type\":\"EntryPoint\",\"urlTemplate\":\"https:\/\/adochiteiadrianpfa.ro\/?s={search_term_string}\"},\"query-input\":{\"@type\":\"PropertyValueSpecification\",\"valueRequired\":true,\"valueName\":\"search_term_string\"}}],\"inLanguage\":\"en-US\"},{\"@type\":\"Organization\",\"@id\":\"https:\/\/adochiteiadrianpfa.ro\/#organization\",\"name\":\"Consultant fonduri europene\",\"url\":\"https:\/\/adochiteiadrianpfa.ro\/\",\"logo\":{\"@type\":\"ImageObject\",\"inLanguage\":\"en-US\",\"@id\":\"https:\/\/adochiteiadrianpfa.ro\/#\/schema\/logo\/image\/\",\"url\":\"https:\/\/adochiteiadrianpfa.ro\/wp-content\/uploads\/2025\/06\/cropped-AAD-PFA-LOGO-Web.png\",\"contentUrl\":\"https:\/\/adochiteiadrianpfa.ro\/wp-content\/uploads\/2025\/06\/cropped-AAD-PFA-LOGO-Web.png\",\"width\":115,\"height\":130,\"caption\":\"Consultant fonduri europene\"},\"image\":{\"@id\":\"https:\/\/adochiteiadrianpfa.ro\/#\/schema\/logo\/image\/\"}}]}<\/script>\n<!-- \/ Yoast SEO plugin. -->","yoast_head_json":{"title":"Despre - Consultant fonduri europene","robots":{"index":"index","follow":"follow","max-snippet":"max-snippet:-1","max-image-preview":"max-image-preview:large","max-video-preview":"max-video-preview:-1"},"canonical":"https:\/\/adochiteiadrianpfa.ro\/?page_id=25","og_locale":"en_US","og_type":"article","og_title":"Despre - Consultant fonduri europene","og_url":"https:\/\/adochiteiadrianpfa.ro\/?page_id=25","og_site_name":"Consultant fonduri europene","article_modified_time":"2025-06-26T23:27:25+00:00","twitter_card":"summary_large_image","twitter_misc":{"Est. reading time":"2 minutes"},"schema":{"@context":"https:\/\/schema.org","@graph":[{"@type":"WebPage","@id":"https:\/\/adochiteiadrianpfa.ro\/?page_id=25","url":"https:\/\/adochiteiadrianpfa.ro\/?page_id=25","name":"Despre - Consultant fonduri europene","isPartOf":{"@id":"https:\/\/adochiteiadrianpfa.ro\/#website"},"datePublished":"2013-10-19T16:03:34+00:00","dateModified":"2025-06-26T23:27:25+00:00","breadcrumb":{"@id":"https:\/\/adochiteiadrianpfa.ro\/?page_id=25#breadcrumb"},"inLanguage":"en-US","potentialAction":[{"@type":"ReadAction","target":["https:\/\/adochiteiadrianpfa.ro\/?page_id=25"]}]},{"@type":"BreadcrumbList","@id":"https:\/\/adochiteiadrianpfa.ro\/?page_id=25#breadcrumb","itemListElement":[{"@type":"ListItem","position":1,"name":"Home","item":"https:\/\/adochiteiadrianpfa.ro\/"},{"@type":"ListItem","position":2,"name":"Despre"}]},{"@type":"WebSite","@id":"https:\/\/adochiteiadrianpfa.ro\/#website","url":"https:\/\/adochiteiadrianpfa.ro\/","name":"Consultant fonduri europene","description":"","publisher":{"@id":"https:\/\/adochiteiadrianpfa.ro\/#organization"},"potentialAction":[{"@type":"SearchAction","target":{"@type":"EntryPoint","urlTemplate":"https:\/\/adochiteiadrianpfa.ro\/?s={search_term_string}"},"query-input":{"@type":"PropertyValueSpecification","valueRequired":true,"valueName":"search_term_string"}}],"inLanguage":"en-US"},{"@type":"Organization","@id":"https:\/\/adochiteiadrianpfa.ro\/#organization","name":"Consultant fonduri europene","url":"https:\/\/adochiteiadrianpfa.ro\/","logo":{"@type":"ImageObject","inLanguage":"en-US","@id":"https:\/\/adochiteiadrianpfa.ro\/#\/schema\/logo\/image\/","url":"https:\/\/adochiteiadrianpfa.ro\/wp-content\/uploads\/2025\/06\/cropped-AAD-PFA-LOGO-Web.png","contentUrl":"https:\/\/adochiteiadrianpfa.ro\/wp-content\/uploads\/2025\/06\/cropped-AAD-PFA-LOGO-Web.png","width":115,"height":130,"caption":"Consultant fonduri europene"},"image":{"@id":"https:\/\/adochiteiadrianpfa.ro\/#\/schema\/logo\/image\/"}}]}},"_links":{"self":[{"href":"https:\/\/adochiteiadrianpfa.ro\/index.php?rest_route=\/wp\/v2\/pages\/25","targetHints":{"allow":["GET"]}}],"collection":[{"href":"https:\/\/adochiteiadrianpfa.ro\/index.php?rest_route=\/wp\/v2\/pages"}],"about":[{"href":"https:\/\/adochiteiadrianpfa.ro\/index.php?rest_route=\/wp\/v2\/types\/page"}],"author":[{"embeddable":true,"href":"https:\/\/adochiteiadrianpfa.ro\/index.php?rest_route=\/wp\/v2\/users\/1"}],"replies":[{"embeddable":true,"href":"https:\/\/adochiteiadrianpfa.ro\/index.php?rest_route=%2Fwp%2Fv2%2Fcomments&post=25"}],"version-history":[{"count":40,"href":"https:\/\/adochiteiadrianpfa.ro\/index.php?rest_route=\/wp\/v2\/pages\/25\/revisions"}],"predecessor-version":[{"id":1489,"href":"https:\/\/adochiteiadrianpfa.ro\/index.php?rest_route=\/wp\/v2\/pages\/25\/revisions\/1489"}],"wp:attachment":[{"href":"https:\/\/adochiteiadrianpfa.ro\/index.php?rest_route=%2Fwp%2Fv2%2Fmedia&parent=25"}],"curies":[{"name":"wp","href":"https:\/\/api.w.org\/{rel}","templated":true}]}}