{"id":1221,"date":"2018-05-26T11:02:26","date_gmt":"2018-05-26T09:02:26","guid":{"rendered":"http:\/\/adochiteiadrianpfa.ro\/?page_id=1221"},"modified":"2018-05-26T11:15:05","modified_gmt":"2018-05-26T09:15:05","slug":"termeni-si-conditii","status":"publish","type":"page","link":"https:\/\/adochiteiadrianpfa.ro\/?page_id=1221","title":{"rendered":"Termeni \u0219i condi\u021bii"},"content":{"rendered":"<p style=\"text-align: justify;\">Prezentul document prin con\u021binutul s\u0103u pune la dispozi\u021bia ter\u021bilor utilizatori Regulamentul privind termenii \u0219i condi\u021biile de utilizare a site-ului<strong> adochiteiadrianpfa.ro.<\/strong><\/p>\n<p style=\"text-align: justify;\">Site-ul\u00a0este operat de <strong>Adochi\u021bei Adrian Daniel<\/strong>, titular al\u00a0<strong>Adochi\u021bei Adrian Daniel PFA<\/strong>, cu sediul \u00een Petrila, str. Independen\u021bei, nr.25\/2, jude\u021bul Hunedoara, \u00eenregistrat \u00een registrul comer\u021bului cu num\u0103rul F20\/633\/21.05.2013<\/p>\n<p style=\"text-align: justify;\">Utilizarea site-ului (incluzand accesul, navigarea, comentarea si orice activitate de pe acest site) constituie un acord implicit de respectare a termenilor si condi\u021biilor enun\u021bate \u00een cuprinsul prezentului document cu toate efectele \u0219i consecin\u021bele ce decurg din aceasta.<\/p>\n<p style=\"text-align: justify;\">Administratorul site-ului isi rezerv\u0103 dreptul de a modifica \u00een orice moment con\u021binutul acestui acord, f\u0103r\u0103 notificarea prealabil\u0103 a persoanelor care il utilizeaz\u0103, denumite \u00een continuare \u201eUtilizatori\u201d. Utilizatorii vor avea acces permanent la termenii \u0219i condi\u021biile de utilizare a serviciilor, pentru a le putea consulta \u00een orice moment.<\/p>\n<p style=\"text-align: justify;\"><b>Con\u021binutul site-ului \u0219i drepturile de proprietate intelectual\u0103<\/b><\/p>\n<p style=\"text-align: justify;\">Con\u021binutul acestui site nu poate fi utilizat, reprodus, distribuit, transmis, expus, \u00een alte scopuri dec\u00e2t cele expres \u0219i legal permise. Extragerea oric\u0103ror informa\u021bii urmat\u0103 de orice utilizare \u00een scop comercial care dep\u0103\u0219e\u0219te sfera copiei private reglementate de lege sau pentru v\u00e2nzare ori licen\u021biere \u0219i f\u0103r\u0103 a avea \u00een prealabil un consim\u021b\u0103m\u00e2nt scris al titularilor drepturilor de proprietate constituie o \u00eenc\u0103lcare a termenilor \u0219i condi\u021biilor.<\/p>\n<p style=\"text-align: justify;\">Sunte\u021bi de asemenea de acord s\u0103 nu afecta\u021bi \u0219i interfera\u021bi in vreun fel cu elementele de securitate ale site-ului, cu elementele care previn sau restric\u021bioneaz\u0103 utilizarea, copierea unui con\u021binut sau elemente care \u00eent\u0103resc limitele de utilizare a siteului sau a con\u021binutului acestuia.<\/p>\n<p style=\"text-align: justify;\">Administratorul site-ului\u00a0<strong>adochiteiadrianpfa.ro,<\/strong><b>\u00a0<\/b>face eforturi permanente pentru a p\u0103stra acurate\u021bea informa\u021biilor de pe site, \u00eens\u0103 uneori acestea pot con\u021bine erori sau inadverten\u021be pe care vom \u00eencerca s\u0103 le remediem c\u00e2t mai repede, de aceea nu suntem r\u0103spunz\u0103tori pentru eventuala inducere \u00een eroare sau crearea unor confuzii, \u0219i v\u0103 rug\u0103m, \u00een special \u00een ceea ce prive\u0219te informa\u021biile despre programele de finan\u021bare, ghidurile solicitantului \u0219i orice alte informa\u021bii legate de accesarea fondurilor nerambursabile \u0219i nu numai,\u00a0 s\u0103 verifica\u021bi informa\u021biile oficiale, puse la dispozi\u021bie de ministere, autorit\u0103\u021bi, organisme intermediare, etc., informa\u021biile de pe acest site fiind cu caracter informativ, explicativ.<\/p>\n<p style=\"text-align: justify;\"><b>Drept aplicabil<\/b><\/p>\n<p style=\"text-align: justify;\">Prin folosirea site-ului <strong>adochiteiadrianpfa.ro<\/strong>, utilizatorul se declar\u0103 de acord asupra faptului c\u0103 legile rom\u00e2ne vor guverna Termenii \u0219i condi\u021biile de utilizare \u0219i orice disput\u0103 de orice fel care ar putea s\u0103 apar\u0103 \u00eentre utilizatori si\u00a0administrator. In cazul unor eventuale conflicte se va \u00eencerca mai int\u00e2i rezolvarea acestora pe cale amiabil\u0103, iar dac\u0103 rezolvarea pe cale amiabil\u0103 nu va fi posibila, conflictul va fi solu\u021bionat in instan\u021b\u0103, \u00een conformitate cu legile rom\u00e2ne \u00een vigoare.<\/p>\n<p style=\"text-align: justify;\"><b>Disponibilitatea serviciului<\/b><\/p>\n<p style=\"text-align: justify;\">Administratorul\u00a0<b>site-ului<\/b>\u00a0isi rezerv\u0103 dreptul de a modifica structura \u0219i interfa\u021ba oric\u0103rei pagini sau subpagini a site-ului\u00a0\u00een orice moment \u0219i la orice interval de timp liber ales, av\u00e2nd dreptul de a \u00eentrerupe temporar sau permanent, par\u021bial sau in totalitate serviciile puse la dispozi\u021bia publicului prin intermediul acestui website f\u0103r\u0103 vreo notificare prealabil\u0103 individual\u0103 sau general\u0103.<\/p>\n<p style=\"text-align: justify;\">Dac\u0103 aveti \u00eentreb\u0103ri sau nel\u0103muriri in leg\u0103tura cu ace\u0219ti termeni de utilizare, nu ezita\u021bi sa m\u0103 contacta\u021bi prin intermediul formularului dedicat de contact sau la adresa de email office<span id=\"e539829209\">@adochiteiadrianpfa.ro sau adi.adochitei@gmail.com<\/span><\/p>\n<p style=\"text-align: justify;\"><strong>Not\u0103 de informare privind protec\u021bia datelor personale\u00a0\u00a0<\/strong><\/p>\n<p style=\"text-align: justify;\">Conform cerin\u021belor Legii nr. 677\/2001 pentru protec\u021bia persoanelor cu privire la prelucrarea datelor cu caracter personal si libera circulatie a acestor date, modificata si completata, si ale Legii nr. 506\/2004 privind prelucrarea datelor cu caracter personal si protectia vietii private in sectorul comunicatiilor electronice, administratorul site-ului va administra in conditii de siguranta si numai pentru scopurile specificate, datele personale furnizate de utilizatori. Va informam ca datele personale pe care utilizatorii le furnizeaza administratorului site-ului sunt prelucrate in scopul oferirii in conditii optime a servicilor. Utilizatorii \u00een\u021beleg \u0219i accept\u0103 c\u0103 datele personale pe care le furnizeaz\u0103 sunt prelucrate \u00een scopul oferirii in condi\u021bii optime de c\u0103tre administratorul site-ului a serviciilor de reclam\u0103, marketing \u0219i publicitate, a serviciilor de comunica\u021bii electronice, solicit\u0103ri de oferte,\u00a0 precum \u0219i a altor servicii care vor putea fi oferite pe viitor.<\/p>\n<p style=\"text-align: justify;\">Fiecare utilizator, la optiunea sa proprie, furnizeaz\u0103 unele dintre datele sale personale pentru a beneficia de serviciul oferit de c\u0103tre administratorul site-ului. Refuzul furniz\u0103rii anumitor date poate conduce la imposibilitatea acces\u0103rii anumitor servicii prin intermediul site-ului.<\/p>\n<p style=\"text-align: justify;\">Datele dvs. cu caracter personal pot fi furnizate partenerilor contractuali ai <strong>Adochi\u021bei Adrian Daniel PFA,<\/strong> implica\u0163i \u00een furnizarea unor servicii prin intermediul site-ului.<\/p>\n<p style=\"text-align: justify;\">Conform Legii nr. 677\/2001, fiecare utilizator beneficiaz\u0103 de dreptul de acces, de interven\u021bie asupra datelor, dreptul de a nu fi supus unei decizii individuale \u0219i dreptul de a se adresa justi\u021biei.<\/p>\n<p style=\"text-align: justify;\">Totodat\u0103, utilizatorul are dreptul s\u0103 se opuna prelucr\u0103rii datelor personale care \u00eel privesc \u0219i s\u0103 solicite \u0219tergerea datelor. Utilizatorii \u00een\u021beleg \u0219i accept\u0103 c\u0103 \u0219tergerea datelor lor personale va fi urmat\u0103 de imposibilitatea de a accesa serviciul oferit de c\u0103tre administratorul site-ului.<\/p>\n<p style=\"text-align: justify;\">Pentru exercitarea acestor drepturi, fiecare utilizator poate face o cerere \u00een scris \u00een acest sens, pe care s\u0103 o trimit\u0103 apoi prin po\u0219t\u0103 la adresa administratorului site-ului: <strong>Adochi\u021bei Adrian Daniel PFA<\/strong>, cu sediul \u00een Petrila, str. Independen\u021bei, nr.25\/2, jude\u021bul Hunedoara sau prin e-mail la adresa:\u00a0office<span id=\"e539829209\">@adochiteiadrianpfa.ro sau adi.adochitei@gmail.com.<\/span><\/p>\n<p>V\u0103 rug\u0103m s\u0103 consulta\u021bi \u0219i urm\u0103toarele documente:<br \/>\n<a href=\"http:\/\/adochiteiadrianpfa.ro\/?page_id=1209\" target=\"_blank\" rel=\"noopener\">Politica de confiden\u021bialitate<\/a> \u0219i <a href=\"http:\/\/adochiteiadrianpfa.ro\/?page_id=1213\" target=\"_blank\" rel=\"noopener\">Politica privind fi\u0219ierele Cookie<\/a><\/p>\n","protected":false},"excerpt":{"rendered":"<p>Prezentul document prin con\u021binutul s\u0103u pune la dispozi\u021bia ter\u021bilor utilizatori Regulamentul privind termenii \u0219i condi\u021biile de utilizare a site-ului adochiteiadrianpfa.ro. Site-ul\u00a0este operat de Adochi\u021bei Adrian Daniel, titular al\u00a0Adochi\u021bei Adrian Daniel PFA, cu sediul \u00een Petrila, str. Independen\u021bei, nr.25\/2, jude\u021bul Hunedoara, \u00eenregistrat \u00een registrul comer\u021bului cu num\u0103rul F20\/633\/21.05.2013 Utilizarea site-ului (incluzand accesul, navigarea, comentarea si orice [&hellip;]<\/p>\n","protected":false},"author":1,"featured_media":0,"parent":0,"menu_order":0,"comment_status":"closed","ping_status":"closed","template":"","meta":{"pagelayer_contact_templates":[],"_pagelayer_content":"","footnotes":""},"class_list":["post-1221","page","type-page","status-publish","hentry"],"yoast_head":"<!-- This site is optimized with the Yoast SEO plugin v27.2 - https:\/\/yoast.com\/product\/yoast-seo-wordpress\/ -->\n<title>Termeni \u0219i condi\u021bii - Consultant fonduri europene<\/title>\n<meta name=\"robots\" content=\"index, follow, max-snippet:-1, max-image-preview:large, max-video-preview:-1\" \/>\n<link rel=\"canonical\" href=\"https:\/\/adochiteiadrianpfa.ro\/?page_id=1221\" \/>\n<meta property=\"og:locale\" content=\"en_US\" \/>\n<meta property=\"og:type\" content=\"article\" \/>\n<meta property=\"og:title\" content=\"Termeni \u0219i condi\u021bii - Consultant fonduri europene\" \/>\n<meta property=\"og:description\" content=\"Prezentul document prin con\u021binutul s\u0103u pune la dispozi\u021bia ter\u021bilor utilizatori Regulamentul privind termenii \u0219i condi\u021biile de utilizare a site-ului adochiteiadrianpfa.ro. Site-ul\u00a0este operat de Adochi\u021bei Adrian Daniel, titular al\u00a0Adochi\u021bei Adrian Daniel PFA, cu sediul \u00een Petrila, str. Independen\u021bei, nr.25\/2, jude\u021bul Hunedoara, \u00eenregistrat \u00een registrul comer\u021bului cu num\u0103rul F20\/633\/21.05.2013 Utilizarea site-ului (incluzand accesul, navigarea, comentarea si orice [&hellip;]\" \/>\n<meta property=\"og:url\" content=\"https:\/\/adochiteiadrianpfa.ro\/?page_id=1221\" \/>\n<meta property=\"og:site_name\" content=\"Consultant fonduri europene\" \/>\n<meta property=\"article:modified_time\" content=\"2018-05-26T09:15:05+00:00\" \/>\n<meta name=\"twitter:card\" content=\"summary_large_image\" \/>\n<meta name=\"twitter:label1\" content=\"Est. reading time\" \/>\n\t<meta name=\"twitter:data1\" content=\"5 minutes\" \/>\n<script type=\"application\/ld+json\" class=\"yoast-schema-graph\">{\"@context\":\"https:\/\/schema.org\",\"@graph\":[{\"@type\":\"WebPage\",\"@id\":\"https:\/\/adochiteiadrianpfa.ro\/?page_id=1221\",\"url\":\"https:\/\/adochiteiadrianpfa.ro\/?page_id=1221\",\"name\":\"Termeni \u0219i condi\u021bii - Consultant fonduri europene\",\"isPartOf\":{\"@id\":\"https:\/\/adochiteiadrianpfa.ro\/#website\"},\"datePublished\":\"2018-05-26T09:02:26+00:00\",\"dateModified\":\"2018-05-26T09:15:05+00:00\",\"breadcrumb\":{\"@id\":\"https:\/\/adochiteiadrianpfa.ro\/?page_id=1221#breadcrumb\"},\"inLanguage\":\"en-US\",\"potentialAction\":[{\"@type\":\"ReadAction\",\"target\":[\"https:\/\/adochiteiadrianpfa.ro\/?page_id=1221\"]}]},{\"@type\":\"BreadcrumbList\",\"@id\":\"https:\/\/adochiteiadrianpfa.ro\/?page_id=1221#breadcrumb\",\"itemListElement\":[{\"@type\":\"ListItem\",\"position\":1,\"name\":\"Home\",\"item\":\"https:\/\/adochiteiadrianpfa.ro\/\"},{\"@type\":\"ListItem\",\"position\":2,\"name\":\"Termeni \u0219i condi\u021bii\"}]},{\"@type\":\"WebSite\",\"@id\":\"https:\/\/adochiteiadrianpfa.ro\/#website\",\"url\":\"https:\/\/adochiteiadrianpfa.ro\/\",\"name\":\"Consultant fonduri europene\",\"description\":\"\",\"publisher\":{\"@id\":\"https:\/\/adochiteiadrianpfa.ro\/#organization\"},\"potentialAction\":[{\"@type\":\"SearchAction\",\"target\":{\"@type\":\"EntryPoint\",\"urlTemplate\":\"https:\/\/adochiteiadrianpfa.ro\/?s={search_term_string}\"},\"query-input\":{\"@type\":\"PropertyValueSpecification\",\"valueRequired\":true,\"valueName\":\"search_term_string\"}}],\"inLanguage\":\"en-US\"},{\"@type\":\"Organization\",\"@id\":\"https:\/\/adochiteiadrianpfa.ro\/#organization\",\"name\":\"Consultant fonduri europene\",\"url\":\"https:\/\/adochiteiadrianpfa.ro\/\",\"logo\":{\"@type\":\"ImageObject\",\"inLanguage\":\"en-US\",\"@id\":\"https:\/\/adochiteiadrianpfa.ro\/#\/schema\/logo\/image\/\",\"url\":\"https:\/\/adochiteiadrianpfa.ro\/wp-content\/uploads\/2025\/06\/cropped-AAD-PFA-LOGO-Web.png\",\"contentUrl\":\"https:\/\/adochiteiadrianpfa.ro\/wp-content\/uploads\/2025\/06\/cropped-AAD-PFA-LOGO-Web.png\",\"width\":115,\"height\":130,\"caption\":\"Consultant fonduri europene\"},\"image\":{\"@id\":\"https:\/\/adochiteiadrianpfa.ro\/#\/schema\/logo\/image\/\"}}]}<\/script>\n<!-- \/ Yoast SEO plugin. -->","yoast_head_json":{"title":"Termeni \u0219i condi\u021bii - Consultant fonduri europene","robots":{"index":"index","follow":"follow","max-snippet":"max-snippet:-1","max-image-preview":"max-image-preview:large","max-video-preview":"max-video-preview:-1"},"canonical":"https:\/\/adochiteiadrianpfa.ro\/?page_id=1221","og_locale":"en_US","og_type":"article","og_title":"Termeni \u0219i condi\u021bii - Consultant fonduri europene","og_description":"Prezentul document prin con\u021binutul s\u0103u pune la dispozi\u021bia ter\u021bilor utilizatori Regulamentul privind termenii \u0219i condi\u021biile de utilizare a site-ului adochiteiadrianpfa.ro. Site-ul\u00a0este operat de Adochi\u021bei Adrian Daniel, titular al\u00a0Adochi\u021bei Adrian Daniel PFA, cu sediul \u00een Petrila, str. Independen\u021bei, nr.25\/2, jude\u021bul Hunedoara, \u00eenregistrat \u00een registrul comer\u021bului cu num\u0103rul F20\/633\/21.05.2013 Utilizarea site-ului (incluzand accesul, navigarea, comentarea si orice [&hellip;]","og_url":"https:\/\/adochiteiadrianpfa.ro\/?page_id=1221","og_site_name":"Consultant fonduri europene","article_modified_time":"2018-05-26T09:15:05+00:00","twitter_card":"summary_large_image","twitter_misc":{"Est. reading time":"5 minutes"},"schema":{"@context":"https:\/\/schema.org","@graph":[{"@type":"WebPage","@id":"https:\/\/adochiteiadrianpfa.ro\/?page_id=1221","url":"https:\/\/adochiteiadrianpfa.ro\/?page_id=1221","name":"Termeni \u0219i condi\u021bii - Consultant fonduri europene","isPartOf":{"@id":"https:\/\/adochiteiadrianpfa.ro\/#website"},"datePublished":"2018-05-26T09:02:26+00:00","dateModified":"2018-05-26T09:15:05+00:00","breadcrumb":{"@id":"https:\/\/adochiteiadrianpfa.ro\/?page_id=1221#breadcrumb"},"inLanguage":"en-US","potentialAction":[{"@type":"ReadAction","target":["https:\/\/adochiteiadrianpfa.ro\/?page_id=1221"]}]},{"@type":"BreadcrumbList","@id":"https:\/\/adochiteiadrianpfa.ro\/?page_id=1221#breadcrumb","itemListElement":[{"@type":"ListItem","position":1,"name":"Home","item":"https:\/\/adochiteiadrianpfa.ro\/"},{"@type":"ListItem","position":2,"name":"Termeni \u0219i condi\u021bii"}]},{"@type":"WebSite","@id":"https:\/\/adochiteiadrianpfa.ro\/#website","url":"https:\/\/adochiteiadrianpfa.ro\/","name":"Consultant fonduri europene","description":"","publisher":{"@id":"https:\/\/adochiteiadrianpfa.ro\/#organization"},"potentialAction":[{"@type":"SearchAction","target":{"@type":"EntryPoint","urlTemplate":"https:\/\/adochiteiadrianpfa.ro\/?s={search_term_string}"},"query-input":{"@type":"PropertyValueSpecification","valueRequired":true,"valueName":"search_term_string"}}],"inLanguage":"en-US"},{"@type":"Organization","@id":"https:\/\/adochiteiadrianpfa.ro\/#organization","name":"Consultant fonduri europene","url":"https:\/\/adochiteiadrianpfa.ro\/","logo":{"@type":"ImageObject","inLanguage":"en-US","@id":"https:\/\/adochiteiadrianpfa.ro\/#\/schema\/logo\/image\/","url":"https:\/\/adochiteiadrianpfa.ro\/wp-content\/uploads\/2025\/06\/cropped-AAD-PFA-LOGO-Web.png","contentUrl":"https:\/\/adochiteiadrianpfa.ro\/wp-content\/uploads\/2025\/06\/cropped-AAD-PFA-LOGO-Web.png","width":115,"height":130,"caption":"Consultant fonduri europene"},"image":{"@id":"https:\/\/adochiteiadrianpfa.ro\/#\/schema\/logo\/image\/"}}]}},"_links":{"self":[{"href":"https:\/\/adochiteiadrianpfa.ro\/index.php?rest_route=\/wp\/v2\/pages\/1221","targetHints":{"allow":["GET"]}}],"collection":[{"href":"https:\/\/adochiteiadrianpfa.ro\/index.php?rest_route=\/wp\/v2\/pages"}],"about":[{"href":"https:\/\/adochiteiadrianpfa.ro\/index.php?rest_route=\/wp\/v2\/types\/page"}],"author":[{"embeddable":true,"href":"https:\/\/adochiteiadrianpfa.ro\/index.php?rest_route=\/wp\/v2\/users\/1"}],"replies":[{"embeddable":true,"href":"https:\/\/adochiteiadrianpfa.ro\/index.php?rest_route=%2Fwp%2Fv2%2Fcomments&post=1221"}],"version-history":[{"count":5,"href":"https:\/\/adochiteiadrianpfa.ro\/index.php?rest_route=\/wp\/v2\/pages\/1221\/revisions"}],"predecessor-version":[{"id":1228,"href":"https:\/\/adochiteiadrianpfa.ro\/index.php?rest_route=\/wp\/v2\/pages\/1221\/revisions\/1228"}],"wp:attachment":[{"href":"https:\/\/adochiteiadrianpfa.ro\/index.php?rest_route=%2Fwp%2Fv2%2Fmedia&parent=1221"}],"curies":[{"name":"wp","href":"https:\/\/api.w.org\/{rel}","templated":true}]}}